{"id":205,"date":"2015-06-24T11:26:44","date_gmt":"2015-06-24T11:26:44","guid":{"rendered":"http:\/\/cursomsca.financiacioneinvestigacion.com\/?page_id=205"},"modified":"2015-06-24T11:38:20","modified_gmt":"2015-06-24T11:38:20","slug":"contratacion-servicio-extra-de-correccion-de-propuestas-msca","status":"publish","type":"page","link":"https:\/\/cursomsca.financiacioneinvestigacion.com\/?page_id=205","title":{"rendered":"Contrataci\u00f3n Servicio extra de correccion de propuestas MSCA"},"content":{"rendered":"<p>Gracias por tu contrataci\u00f3n del Servicio extra de correci\u00f3n de propuestas MSCA. En un plazo menor de 48h me pondr\u00e9 en contacto contigo para cerrar bien el servicio y ver la planificaci\u00f3n de tu propuesta.<\/p>\n<p><a href=\"http:\/\/cursomsca.financiacioneinvestigacion.com\/wp-content\/uploads\/2015\/06\/Photo-David-alcantara.jpg\"><img decoding=\"async\" loading=\"lazy\" class=\"  wp-image-208 alignleft\" src=\"http:\/\/cursomsca.financiacioneinvestigacion.com\/wp-content\/uploads\/2015\/06\/Photo-David-alcantara.jpg\" alt=\"Photo David alcantara\" width=\"122\" height=\"126\" srcset=\"https:\/\/cursomsca.financiacioneinvestigacion.com\/wp-content\/uploads\/2015\/06\/Photo-David-alcantara.jpg 467w, https:\/\/cursomsca.financiacioneinvestigacion.com\/wp-content\/uploads\/2015\/06\/Photo-David-alcantara-292x300.jpg 292w\" sizes=\"(max-width: 122px) 100vw, 122px\" \/><\/a>\u00a0\u00a0\u00a0\u00a0 Un saludo,<\/p>\n<p>David A<\/p>\n<p>&nbsp;<\/p>\n","protected":false},"excerpt":{"rendered":"<p>Gracias por tu contrataci\u00f3n del Servicio extra de correci\u00f3n de propuestas MSCA. En un plazo menor de 48h me pondr\u00e9 en contacto contigo para cerrar bien el servicio y ver la planificaci\u00f3n de tu propuesta. \u00a0\u00a0\u00a0\u00a0 Un saludo, David A &nbsp;<\/p>\n","protected":false},"author":1,"featured_media":0,"parent":0,"menu_order":0,"comment_status":"open","ping_status":"open","template":"launch_001d.php","meta":[],"_links":{"self":[{"href":"https:\/\/cursomsca.financiacioneinvestigacion.com\/index.php?rest_route=\/wp\/v2\/pages\/205"}],"collection":[{"href":"https:\/\/cursomsca.financiacioneinvestigacion.com\/index.php?rest_route=\/wp\/v2\/pages"}],"about":[{"href":"https:\/\/cursomsca.financiacioneinvestigacion.com\/index.php?rest_route=\/wp\/v2\/types\/page"}],"author":[{"embeddable":true,"href":"https:\/\/cursomsca.financiacioneinvestigacion.com\/index.php?rest_route=\/wp\/v2\/users\/1"}],"replies":[{"embeddable":true,"href":"https:\/\/cursomsca.financiacioneinvestigacion.com\/index.php?rest_route=%2Fwp%2Fv2%2Fcomments&post=205"}],"version-history":[{"count":3,"href":"https:\/\/cursomsca.financiacioneinvestigacion.com\/index.php?rest_route=\/wp\/v2\/pages\/205\/revisions"}],"predecessor-version":[{"id":890,"href":"https:\/\/cursomsca.financiacioneinvestigacion.com\/index.php?rest_route=\/wp\/v2\/pages\/205\/revisions\/890"}],"wp:attachment":[{"href":"https:\/\/cursomsca.financiacioneinvestigacion.com\/index.php?rest_route=%2Fwp%2Fv2%2Fmedia&parent=205"}],"curies":[{"name":"wp","href":"https:\/\/api.w.org\/{rel}","templated":true}]}}