{"id":591,"date":"2019-07-18T07:25:05","date_gmt":"2019-07-18T07:25:05","guid":{"rendered":"http:\/\/cursomsca.financiacioneinvestigacion.com\/?page_id=591"},"modified":"2019-07-22T09:40:40","modified_gmt":"2019-07-22T09:40:40","slug":"errores-a-evitar-en-tu-msca-3-2-2","status":"publish","type":"page","link":"https:\/\/cursomsca.financiacioneinvestigacion.com\/?page_id=591","title":{"rendered":"webinar exclusivo MSCA -2019"},"content":{"rendered":"<p>Hemos sufrido un peque\u00f1o fallo t\u00e9cnico y no se grab\u00f3 la primera parte del seminario donde vimos un peque\u00f1o resumen de la convocatoria MSCA 2019. Afortunadamente toda la sesi\u00f3n de preguntas y respuestas si pudimos rescatarla:<\/p>\n<p><iframe loading=\"lazy\" src=\"https:\/\/player.vimeo.com\/video\/349074258\" width=\"640\" height=\"400\" frameborder=\"0\" allowfullscreen=\"allowfullscreen\"><\/iframe><\/p>\n","protected":false},"excerpt":{"rendered":"<p>Hemos sufrido un peque\u00f1o fallo t\u00e9cnico y no se grab\u00f3 la primera parte del seminario donde vimos un peque\u00f1o resumen de la convocatoria MSCA 2019. Afortunadamente toda la sesi\u00f3n de preguntas y respuestas si pudimos rescatarla:<\/p>\n","protected":false},"author":1,"featured_media":0,"parent":64,"menu_order":0,"comment_status":"open","ping_status":"open","template":"members-style1-moduleUS.php","meta":[],"_links":{"self":[{"href":"https:\/\/cursomsca.financiacioneinvestigacion.com\/index.php?rest_route=\/wp\/v2\/pages\/591"}],"collection":[{"href":"https:\/\/cursomsca.financiacioneinvestigacion.com\/index.php?rest_route=\/wp\/v2\/pages"}],"about":[{"href":"https:\/\/cursomsca.financiacioneinvestigacion.com\/index.php?rest_route=\/wp\/v2\/types\/page"}],"author":[{"embeddable":true,"href":"https:\/\/cursomsca.financiacioneinvestigacion.com\/index.php?rest_route=\/wp\/v2\/users\/1"}],"replies":[{"embeddable":true,"href":"https:\/\/cursomsca.financiacioneinvestigacion.com\/index.php?rest_route=%2Fwp%2Fv2%2Fcomments&post=591"}],"version-history":[{"count":5,"href":"https:\/\/cursomsca.financiacioneinvestigacion.com\/index.php?rest_route=\/wp\/v2\/pages\/591\/revisions"}],"predecessor-version":[{"id":599,"href":"https:\/\/cursomsca.financiacioneinvestigacion.com\/index.php?rest_route=\/wp\/v2\/pages\/591\/revisions\/599"}],"up":[{"embeddable":true,"href":"https:\/\/cursomsca.financiacioneinvestigacion.com\/index.php?rest_route=\/wp\/v2\/pages\/64"}],"wp:attachment":[{"href":"https:\/\/cursomsca.financiacioneinvestigacion.com\/index.php?rest_route=%2Fwp%2Fv2%2Fmedia&parent=591"}],"curies":[{"name":"wp","href":"https:\/\/api.w.org\/{rel}","templated":true}]}}